{"id":6,"date":"2018-06-26T19:04:33","date_gmt":"2018-06-26T17:04:33","guid":{"rendered":"http:\/\/schoesser-net.de\/?page_id=6"},"modified":"2025-08-13T13:38:59","modified_gmt":"2025-08-13T11:38:59","slug":"ueber-mich","status":"publish","type":"page","link":"https:\/\/schoesser-net.de\/index.php\/ueber-mich\/","title":{"rendered":"\u00dcber mich"},"content":{"rendered":"<p>Seit meiner Ausbildung zum Fachinformatiker-Anwendungsentwicklung arbeite ich als Anwendungsentwickler auf dem Gebiet kundenspezifischer Internet und Intranet L\u00f6sungen.\u00a0 Was f\u00fcr Projekte ich in der Zeit begleitet und mit gestaltet habe, stelle ich unter den Reiter neuere und \u00e4ltere Projekte vor.<\/p>\n<p>In den letzten 8 Jahren bin ich als Anwendungsentwickler bei der <span style=\"font-size: 1rem;\">Firma sys.team Software GmbH angestellt.<br \/>\n<\/span>Dies umfasst die Erstellung und Betreuung von Webshops sowie<br \/>\nWeiterentwicklung, Support und Schulung verschiedener<br \/>\nVertretersysteme f\u00fcr die Verlagsvertretung im Buchhandel.<\/p>\n<p>Von 1990 bis 2022 war ich bei der Freiwilligen Feuerwehr Friedrichsdorf ehrenamtlich t\u00e4tig.<br \/>\nHier f\u00fchrte ich den Rang des Brandmeisters.<\/p>\n<p>Von 2001 bis 2022 betreute ich das Fahrzeug\u00a0 &#8222;CBRN Erkunder&#8220; und war verantwortlich f\u00fcr Ausbildung, Pflege und Wartung.<\/p>\n<p>Aktuell bin ich noch Mitglied in der GABC &#8211; Messzentrale des Hochtaunuskreises.<\/p>\n<div id='gallery-1' class='gallery galleryid-6 gallery-columns-3 gallery-size-thumbnail'><figure class='gallery-item'>\n\t\t\t<div class='gallery-icon landscape'>\n\t\t\t\t<img loading=\"lazy\" decoding=\"async\" width=\"150\" height=\"150\" src=\"https:\/\/schoesser-net.de\/wp-content\/uploads\/2018\/06\/20160824_194210-150x150.jpg\" class=\"attachment-thumbnail size-thumbnail\" alt=\"\" aria-describedby=\"gallery-1-77\" srcset=\"https:\/\/schoesser-net.de\/wp-content\/uploads\/2018\/06\/20160824_194210-150x150.jpg 150w, https:\/\/schoesser-net.de\/wp-content\/uploads\/2018\/06\/20160824_194210-100x100.jpg 100w\" sizes=\"auto, 100vw\" \/>\n\t\t\t<\/div>\n\t\t\t\t<figcaption class='wp-caption-text gallery-caption' id='gallery-1-77'>\n\t\t\t\tCBRN &#8211; Erkunder und ich\n\t\t\t\t<\/figcaption><\/figure><figure class='gallery-item'>\n\t\t\t<div class='gallery-icon portrait'>\n\t\t\t\t<img loading=\"lazy\" decoding=\"async\" width=\"150\" height=\"150\" src=\"https:\/\/schoesser-net.de\/wp-content\/uploads\/2018\/06\/858098_661212627284386_510294827600640735_o-150x150.jpg\" class=\"attachment-thumbnail size-thumbnail\" alt=\"\" aria-describedby=\"gallery-1-82\" srcset=\"https:\/\/schoesser-net.de\/wp-content\/uploads\/2018\/06\/858098_661212627284386_510294827600640735_o-150x150.jpg 150w, https:\/\/schoesser-net.de\/wp-content\/uploads\/2018\/06\/858098_661212627284386_510294827600640735_o-100x100.jpg 100w\" sizes=\"auto, 100vw\" \/>\n\t\t\t<\/div>\n\t\t\t\t<figcaption class='wp-caption-text gallery-caption' id='gallery-1-82'>\n\t\t\t\tBei einer \u00dcbung\n\t\t\t\t<\/figcaption><\/figure><figure class='gallery-item'>\n\t\t\t<div class='gallery-icon landscape'>\n\t\t\t\t<img loading=\"lazy\" decoding=\"async\" width=\"150\" height=\"150\" src=\"https:\/\/schoesser-net.de\/wp-content\/uploads\/2018\/06\/20160824_194143-150x150.jpg\" class=\"attachment-thumbnail size-thumbnail\" alt=\"\" aria-describedby=\"gallery-1-78\" srcset=\"https:\/\/schoesser-net.de\/wp-content\/uploads\/2018\/06\/20160824_194143-150x150.jpg 150w, https:\/\/schoesser-net.de\/wp-content\/uploads\/2018\/06\/20160824_194143-100x100.jpg 100w\" sizes=\"auto, 100vw\" \/>\n\t\t\t<\/div>\n\t\t\t\t<figcaption class='wp-caption-text gallery-caption' id='gallery-1-78'>\n\t\t\t\tCBRN &#8211; Erkunder\n\t\t\t\t<\/figcaption><\/figure>\n\t\t<\/div>\n\n<p>Seit 2011 bin ich gl\u00fccklich verheiratet und lebe mit meiner Frau, zwei Katzen und einem Aquarium in einem kleinen H\u00e4uschen in Friedrichsdorf K\u00f6ppern. (bis 2025)<\/p>\n<p>Seit 2025 sind wir Ostfriesen.<\/p>\n<div id='gallery-2' class='gallery galleryid-6 gallery-columns-3 gallery-size-thumbnail'><figure class='gallery-item'>\n\t\t\t<div class='gallery-icon landscape'>\n\t\t\t\t<img loading=\"lazy\" decoding=\"async\" width=\"150\" height=\"150\" src=\"https:\/\/schoesser-net.de\/wp-content\/uploads\/2018\/06\/20171120_200942-150x150.jpg\" class=\"attachment-thumbnail size-thumbnail\" alt=\"\" aria-describedby=\"gallery-2-85\" srcset=\"https:\/\/schoesser-net.de\/wp-content\/uploads\/2018\/06\/20171120_200942-150x150.jpg 150w, https:\/\/schoesser-net.de\/wp-content\/uploads\/2018\/06\/20171120_200942-100x100.jpg 100w\" sizes=\"auto, 100vw\" \/>\n\t\t\t<\/div>\n\t\t\t\t<figcaption class='wp-caption-text gallery-caption' id='gallery-2-85'>\n\t\t\t\tAquarium\n\t\t\t\t<\/figcaption><\/figure><figure class='gallery-item'>\n\t\t\t<div class='gallery-icon portrait'>\n\t\t\t\t<img loading=\"lazy\" decoding=\"async\" width=\"150\" height=\"150\" src=\"https:\/\/schoesser-net.de\/wp-content\/uploads\/2018\/06\/20180123_092357-e1530116508130-150x150.jpg\" class=\"attachment-thumbnail size-thumbnail\" alt=\"\" aria-describedby=\"gallery-2-86\" srcset=\"https:\/\/schoesser-net.de\/wp-content\/uploads\/2018\/06\/20180123_092357-e1530116508130-150x150.jpg 150w, https:\/\/schoesser-net.de\/wp-content\/uploads\/2018\/06\/20180123_092357-e1530116508130-100x100.jpg 100w\" sizes=\"auto, 100vw\" \/>\n\t\t\t<\/div>\n\t\t\t\t<figcaption class='wp-caption-text gallery-caption' id='gallery-2-86'>\n\t\t\t\tAquarium\n\t\t\t\t<\/figcaption><\/figure><figure class='gallery-item'>\n\t\t\t<div class='gallery-icon landscape'>\n\t\t\t\t<img loading=\"lazy\" decoding=\"async\" width=\"150\" height=\"150\" src=\"https:\/\/schoesser-net.de\/wp-content\/uploads\/2018\/06\/20180123_092415-150x150.jpg\" class=\"attachment-thumbnail size-thumbnail\" alt=\"\" aria-describedby=\"gallery-2-87\" srcset=\"https:\/\/schoesser-net.de\/wp-content\/uploads\/2018\/06\/20180123_092415-150x150.jpg 150w, https:\/\/schoesser-net.de\/wp-content\/uploads\/2018\/06\/20180123_092415-100x100.jpg 100w\" sizes=\"auto, 100vw\" \/>\n\t\t\t<\/div>\n\t\t\t\t<figcaption class='wp-caption-text gallery-caption' id='gallery-2-87'>\n\t\t\t\tAquarium\n\t\t\t\t<\/figcaption><\/figure><figure class='gallery-item'>\n\t\t\t<div class='gallery-icon landscape'>\n\t\t\t\t<img loading=\"lazy\" decoding=\"async\" width=\"150\" height=\"150\" src=\"https:\/\/schoesser-net.de\/wp-content\/uploads\/2018\/06\/20180304_200433-150x150.jpg\" class=\"attachment-thumbnail size-thumbnail\" alt=\"\" aria-describedby=\"gallery-2-89\" srcset=\"https:\/\/schoesser-net.de\/wp-content\/uploads\/2018\/06\/20180304_200433-150x150.jpg 150w, https:\/\/schoesser-net.de\/wp-content\/uploads\/2018\/06\/20180304_200433-100x100.jpg 100w\" sizes=\"auto, 100vw\" \/>\n\t\t\t<\/div>\n\t\t\t\t<figcaption class='wp-caption-text gallery-caption' id='gallery-2-89'>\n\t\t\t\tPolly und Panja\n\t\t\t\t<\/figcaption><\/figure><figure class='gallery-item'>\n\t\t\t<div class='gallery-icon landscape'>\n\t\t\t\t<img loading=\"lazy\" decoding=\"async\" width=\"150\" height=\"150\" src=\"https:\/\/schoesser-net.de\/wp-content\/uploads\/2018\/06\/20170903_170955-150x150.jpg\" class=\"attachment-thumbnail size-thumbnail\" alt=\"\" aria-describedby=\"gallery-2-90\" srcset=\"https:\/\/schoesser-net.de\/wp-content\/uploads\/2018\/06\/20170903_170955-150x150.jpg 150w, https:\/\/schoesser-net.de\/wp-content\/uploads\/2018\/06\/20170903_170955-100x100.jpg 100w\" sizes=\"auto, 100vw\" \/>\n\t\t\t<\/div>\n\t\t\t\t<figcaption class='wp-caption-text gallery-caption' id='gallery-2-90'>\n\t\t\t\tPolly\n\t\t\t\t<\/figcaption><\/figure><figure class='gallery-item'>\n\t\t\t<div class='gallery-icon portrait'>\n\t\t\t\t<img loading=\"lazy\" decoding=\"async\" width=\"150\" height=\"150\" src=\"https:\/\/schoesser-net.de\/wp-content\/uploads\/2018\/06\/DSC02084-150x150.jpg\" class=\"attachment-thumbnail size-thumbnail\" alt=\"\" aria-describedby=\"gallery-2-93\" srcset=\"https:\/\/schoesser-net.de\/wp-content\/uploads\/2018\/06\/DSC02084-150x150.jpg 150w, https:\/\/schoesser-net.de\/wp-content\/uploads\/2018\/06\/DSC02084-100x100.jpg 100w\" sizes=\"auto, 100vw\" \/>\n\t\t\t<\/div>\n\t\t\t\t<figcaption class='wp-caption-text gallery-caption' id='gallery-2-93'>\n\t\t\t\tMeine Frau und Ich am Nordkapp 2016\n\t\t\t\t<\/figcaption><\/figure>\n\t\t<\/div>\n\n","protected":false},"excerpt":{"rendered":"<p>Seit meiner Ausbildung zum Fachinformatiker-Anwendungsentwicklung arbeite ich als Anwendungsentwickler auf dem Gebiet kundenspezifischer Internet und Intranet L\u00f6sungen.\u00a0 Was f\u00fcr Projekte ich in der Zeit begleitet und mit gestaltet habe, stelle &hellip; <\/p>\n<p class=\"link-more\"><a href=\"https:\/\/schoesser-net.de\/index.php\/ueber-mich\/\" class=\"more-link\"><span class=\"screen-reader-text\">\u201e\u00dcber mich\u201c<\/span> weiterlesen<\/a><\/p>\n","protected":false},"author":1,"featured_media":0,"parent":0,"menu_order":0,"comment_status":"closed","ping_status":"closed","template":"","meta":{"footnotes":""},"class_list":["post-6","page","type-page","status-publish","hentry"],"_links":{"self":[{"href":"https:\/\/schoesser-net.de\/index.php\/wp-json\/wp\/v2\/pages\/6","targetHints":{"allow":["GET"]}}],"collection":[{"href":"https:\/\/schoesser-net.de\/index.php\/wp-json\/wp\/v2\/pages"}],"about":[{"href":"https:\/\/schoesser-net.de\/index.php\/wp-json\/wp\/v2\/types\/page"}],"author":[{"embeddable":true,"href":"https:\/\/schoesser-net.de\/index.php\/wp-json\/wp\/v2\/users\/1"}],"replies":[{"embeddable":true,"href":"https:\/\/schoesser-net.de\/index.php\/wp-json\/wp\/v2\/comments?post=6"}],"version-history":[{"count":15,"href":"https:\/\/schoesser-net.de\/index.php\/wp-json\/wp\/v2\/pages\/6\/revisions"}],"predecessor-version":[{"id":342,"href":"https:\/\/schoesser-net.de\/index.php\/wp-json\/wp\/v2\/pages\/6\/revisions\/342"}],"wp:attachment":[{"href":"https:\/\/schoesser-net.de\/index.php\/wp-json\/wp\/v2\/media?parent=6"}],"curies":[{"name":"wp","href":"https:\/\/api.w.org\/{rel}","templated":true}]}}